{"id":1779,"date":"2017-08-23T17:30:00","date_gmt":"2017-08-23T21:30:00","guid":{"rendered":"https:\/\/www.aclu-in.org\/get-legal-help\/"},"modified":"2017-08-23T17:30:00","modified_gmt":"2017-08-23T21:30:00","slug":"get-legal-help","status":"publish","type":"page","link":"https:\/\/www.aclu-in.org\/es\/get-legal-help\/","title":{"rendered":"Get Legal Help"},"content":{"rendered":"<h3 style=\"margin-top:19px; margin-bottom:6px\"><span style=\"font-size:14pt\"><span style=\"page-break-after:auto\"><span style=\"line-height:115%\"><span style=\"font-family:Arial,sans-serif\"><span style=\"color:#434343\"><span style=\"font-weight:normal\"><b><u><span lang=\"es\" style=\"font-size:13.0pt\"><span style=\"line-height:115%\"><span style=\"color:#423a38\">ACTUALIZACI\u00d3N DE COVID-19<\/span><\/span><\/span><\/u><\/b><b><span lang=\"es\" style=\"font-size:13.0pt\"><span style=\"line-height:115%\"><span style=\"color:#423a38\">: <\/span><\/span><\/span><\/b><a href=\"https:\/\/www.aclu-in.org\/en\/faq-aclu-petition-release-incarcerated-individuals-risk-covid-19\"><b><span style=\"font-size:13.0pt\"><span style=\"line-height:115%\"><span style=\"color:#423a38\"><span style=\"text-decoration:none\"><span style=\"text-underline:none\">Una FAQ sobre la petici\u00f3n de ACLU para la liberaci\u00f3n de personas encarceladas en riesgo de COVID-19 est\u00e1 disponible aqu\u00ed<\/span><\/span><\/span><\/span><\/span><\/b><\/a><b><span lang=\"es\" style=\"font-size:13.0pt\"><span style=\"line-height:115%\"><span style=\"color:#423a38\">. L\u00e9anla para determinar si la ACLU de Indiana podr\u00e1 ayudarlo con su solicitud.<\/span><\/span><\/span><\/b><\/span><\/span><\/span><\/span><\/span><\/span><\/h3>\n<p style=\"margin-bottom:21px\"><span style=\"font-size:11pt\"><span style=\"line-height:115%\"><span style=\"font-family:Arial,sans-serif\"><span lang=\"es\" style=\"font-size:15.0pt\"><span style=\"line-height:115%\"><span style=\"font-family:&quot;Georgia&quot;,serif\"><span style=\"color:#423a38\">La ACLU de Indiana puede ayudarle si cree que sus derechos han sido violados por una agencia o organizaci\u00f3n gubernamental, incluido el gobierno municipal, las escuelas, los agentes de polic\u00eda o el estado de Indiana. Los temas que podemos abordar:<\/span><\/span><\/span><\/span><\/span><\/span><\/span><\/p>\n<ul>\n<li style=\"margin-left:8px\"><span style=\"font-size:11pt\"><span style=\"line-height:115%\"><span style=\"font-family:Arial,sans-serif\"><span lang=\"es\" style=\"font-size:15.0pt\"><span style=\"line-height:115%\"><span style=\"font-family:&quot;Georgia&quot;,serif\"><span style=\"color:#423a38\">Libertad de expresi\u00f3n<\/span><\/span><\/span><\/span><\/span><\/span><\/span><\/li>\n<li style=\"margin-left:8px\"><span style=\"font-size:11pt\"><span style=\"line-height:115%\"><span style=\"font-family:Arial,sans-serif\"><span lang=\"es\" style=\"font-size:15.0pt\"><span style=\"line-height:115%\"><span style=\"font-family:&quot;Georgia&quot;,serif\"><span style=\"color:#423a38\">Libertad de religi\u00f3n<\/span><\/span><\/span><\/span><\/span><\/span><\/span><\/li>\n<li style=\"margin-left:8px\"><span style=\"font-size:11pt\"><span style=\"line-height:115%\"><span style=\"font-family:Arial,sans-serif\"><span lang=\"es\" style=\"font-size:15.0pt\"><span style=\"line-height:115%\"><span style=\"font-family:&quot;Georgia&quot;,serif\"><span style=\"color:#423a38\">Conducta indebida de la polic\u00eda<\/span><\/span><\/span><\/span><\/span><\/span><\/span><\/li>\n<li style=\"margin-left:8px\"><span style=\"font-size:11pt\"><span style=\"line-height:115%\"><span style=\"font-family:Arial,sans-serif\"><span lang=\"es\" style=\"font-size:15.0pt\"><span style=\"line-height:115%\"><span style=\"font-family:&quot;Georgia&quot;,serif\"><span style=\"color:#423a38\">Censura en escuelas p\u00fablicas o bibliotecas<\/span><\/span><\/span><\/span><\/span><\/span><\/span><\/li>\n<li style=\"margin-left:8px\"><span style=\"font-size:11pt\"><span style=\"line-height:115%\"><span style=\"font-family:Arial,sans-serif\"><span lang=\"es\" style=\"font-size:15.0pt\"><span style=\"line-height:115%\"><span style=\"font-family:&quot;Georgia&quot;,serif\"><span style=\"color:#423a38\">Justicia en la escuela o disciplina en la prisi\u00f3n<\/span><\/span><\/span><\/span><\/span><\/span><\/span><\/li>\n<li style=\"margin-left:8px\"><span style=\"font-size:11pt\"><span style=\"line-height:115%\"><span style=\"font-family:Arial,sans-serif\"><span lang=\"es\" style=\"font-size:15.0pt\"><span style=\"line-height:115%\"><span style=\"font-family:&quot;Georgia&quot;,serif\"><span style=\"color:#423a38\">Privacidad y otras protecciones contra la intrusi\u00f3n del gobierno<\/span><\/span><\/span><\/span><\/span><\/span><\/span><\/li>\n<li style=\"margin-left:8px\"><span style=\"font-size:11pt\"><span style=\"line-height:115%\"><span style=\"font-family:Arial,sans-serif\"><span lang=\"es\" style=\"font-size:15.0pt\"><span style=\"line-height:115%\"><span style=\"font-family:&quot;Georgia&quot;,serif\"><span style=\"color:#423a38\">Condiciones inhumanas de c\u00e1rcel o prisi\u00f3n<\/span><\/span><\/span><\/span><\/span><\/span><\/span><\/li>\n<li style=\"margin-bottom:26px; margin-left:8px\"><span style=\"font-size:11pt\"><span style=\"line-height:115%\"><span style=\"font-family:Arial,sans-serif\"><span lang=\"es\" style=\"font-size:15.0pt\"><span style=\"line-height:115%\"><span style=\"font-family:&quot;Georgia&quot;,serif\"><span style=\"color:#423a38\">Tratamiento injusto por parte del gobierno<\/span><\/span><\/span><\/span><\/span><\/span><\/span><\/li>\n<\/ul>\n<p style=\"margin-bottom:21px\"><span style=\"font-size:11pt\"><span style=\"line-height:115%\"><span style=\"font-family:Arial,sans-serif\"><span lang=\"es\" style=\"font-size:15.0pt\"><span style=\"line-height:115%\"><span style=\"font-family:&quot;Georgia&quot;,serif\"><span style=\"color:#423a38\">Hay algunos casos en los cuales no nos involucramos. Esos son desalojos, disputas entre propietarios e inquilinos, enjuiciamientos penales, divorcios y abuso personal, custodia de menores o testamentos.<\/span><\/span><\/span><\/span><\/span><\/span><\/span><\/p>\n<p style=\"margin-bottom:21px\"><span style=\"font-size:11pt\"><span style=\"line-height:115%\"><span style=\"font-family:Arial,sans-serif\"><b><span lang=\"es\" style=\"font-size:15.0pt\"><span style=\"line-height:115%\"><span style=\"font-family:&quot;Georgia&quot;,serif\"><span style=\"color:#423a38\">Si cree que le han violado sus derechos constitucionales<\/span><\/span><\/span><\/span><\/b><span lang=\"es\" style=\"font-size:15.0pt\"><span style=\"line-height:115%\"><span style=\"font-family:&quot;Georgia&quot;,serif\"><span style=\"color:#423a38\">, puede<\/span><\/span><\/span><\/span><\/span><\/span><\/span><\/p>\n<ul>\n<li style=\"margin-left:8px\"><span style=\"font-size:11pt\"><span style=\"line-height:115%\"><span style=\"font-family:Arial,sans-serif\"><a href=\"http:\/\/www.formstack.com\/forms\/?1157118-hfibE7kI4V\"><span style=\"font-size:15.0pt\"><span style=\"line-height:115%\"><span style=\"font-family:&quot;Georgia&quot;,serif\"><span style=\"color:#005aaa\"><span style=\"text-decoration:none\"><span style=\"text-underline:none\">Presentar una queja en l\u00ednea con la ACLU,<\/span><\/span><\/span><\/span><\/span><\/span><\/a><\/span><\/span><\/span><\/li>\n<li style=\"margin-left:8px\"><span style=\"font-size:11pt\"><span style=\"line-height:115%\"><span style=\"font-family:Arial,sans-serif\"><span lang=\"es\" style=\"font-size:15.0pt\"><span style=\"line-height:115%\"><span style=\"font-family:&quot;Georgia&quot;,serif\"><span style=\"color:#423a38\">env\u00edenos un correo electr\u00f3nico a la direcci\u00f3n <\/span><\/span><\/span><\/span><span lang=\"es\" style=\"font-size:15.0pt\"><span style=\"line-height:115%\"><span style=\"font-family:&quot;Georgia&quot;,serif\"><span style=\"color:#005aaa\">intake@aclu-in.org<\/span><\/span><\/span><\/span><span lang=\"es\" style=\"font-size:15.0pt\"><span style=\"line-height:115%\"><span style=\"font-family:&quot;Georgia&quot;,serif\"><span style=\"color:#423a38\"> o<\/span><\/span><\/span><\/span><\/span><\/span><\/span><\/li>\n<li style=\"margin-bottom:26px; margin-left:8px\"><span style=\"font-size:11pt\"><span style=\"line-height:115%\"><span style=\"font-family:Arial,sans-serif\"><span lang=\"es\" style=\"font-size:15.0pt\"><span style=\"line-height:115%\"><span style=\"font-family:&quot;Georgia&quot;,serif\"><span style=\"color:#423a38\">env\u00ede la solicitudes de admisi\u00f3n por correo a:<br \/>ACLU of Indiana<br \/>1031 East Washington Street<br \/>Indianapolis, IN 46202<\/span><\/span><\/span><\/span><\/span><\/span><\/span><\/li>\n<\/ul>\n<p style=\"margin-bottom:21px\"><span style=\"font-size:11pt\"><span style=\"line-height:115%\"><span style=\"font-family:Arial,sans-serif\"><b><span lang=\"es\" style=\"font-size:15.0pt\"><span style=\"line-height:115%\"><span style=\"font-family:&quot;Georgia&quot;,serif\"><span style=\"color:#423a38\">Pero primero, aseg\u00farese de que su caso cumpla con lo siguiente:<\/span><\/span><\/span><\/span><\/b><\/span><\/span><\/span><\/p>\n<ol>\n<li><span style=\"font-size:11pt\"><span style=\"line-height:115%\"><span style=\"font-family:Arial,sans-serif\"><span lang=\"es\" style=\"font-size:15.0pt\"><span style=\"line-height:115%\"><span style=\"font-family:&quot;Georgia&quot;,serif\"><span style=\"color:#423a38\">Sus libertades civiles han sido violadas por una entidad gubernamental<\/span><\/span><\/span><\/span><\/span><\/span><\/span><\/li>\n<li><span style=\"font-size:11pt\"><span style=\"line-height:115%\"><span style=\"font-family:Arial,sans-serif\"><span lang=\"es\" style=\"font-size:15.0pt\"><span style=\"line-height:115%\"><span style=\"font-family:&quot;Georgia&quot;,serif\"><span style=\"color:#423a38\">Su problema se refiere a un derecho o libertad protegido por las Constituciones de los EE. UU. o Indiana<\/span><\/span><\/span><\/span><\/span><\/span><\/span><\/li>\n<li style=\"margin-bottom:26px\"><span style=\"font-size:11pt\"><span style=\"line-height:115%\"><span style=\"font-family:Arial,sans-serif\"><span lang=\"es\" style=\"font-size:15.0pt\"><span style=\"line-height:115%\"><span style=\"font-family:&quot;Georgia&quot;,serif\"><span style=\"color:#423a38\">Usted es la persona o parte cuyos derechos constitucionales han sido violados<\/span><\/span><\/span><\/span><\/span><\/span><\/span><\/li>\n<\/ol>\n<p><span style=\"font-size:11pt\"><span style=\"line-height:115%\"><span style=\"font-family:Arial,sans-serif\"><span lang=\"es\" style=\"font-size:15.0pt\"><span style=\"line-height:115%\"><span style=\"font-family:&quot;Georgia&quot;,serif\"><span style=\"color:#423a38\">No aceptamos quejas de terceros, o quejas hechas en nombre de otra persona. <b><i>Tenga en cuenta que a medida que nuestra oficina toma precauciones adicionales debido a COVID-19, tenemos recursos limitados y no podemos llevar a cabo todos los casos que nos llamen la atenci\u00f3n. Haremos todo lo posible para responder a su queja dentro de 8 a 12 semanas. <\/i><\/b>Si tomamos su caso y lo representamos, nuestros servicios son gratuitos.<\/span><\/span><\/span><\/span><\/span><\/span><\/span><\/p>\n","protected":false},"excerpt":{"rendered":"<p>ACTUALIZACI\u00d3N DE COVID-19: Una FAQ sobre la petici\u00f3n de ACLU para la liberaci\u00f3n de personas encarceladas en riesgo de COVID-19 est\u00e1 disponible aqu\u00ed. L\u00e9anla para determinar si la ACLU de Indiana podr\u00e1 ayudarlo con su solicitud. La ACLU de Indiana puede ayudarle si cree que sus derechos han sido violados por una agencia o organizaci\u00f3n [&hellip;]<\/p>\n","protected":false},"author":0,"featured_media":0,"parent":0,"menu_order":0,"comment_status":"closed","ping_status":"closed","template":"","meta":{"_acf_changed":false,"_relevanssi_hide_post":"","_relevanssi_hide_content":"","_relevanssi_pin_for_all":"","_relevanssi_pin_keywords":"","_relevanssi_unpin_keywords":"","_relevanssi_related_keywords":"","_relevanssi_related_include_ids":"","_relevanssi_related_exclude_ids":"","_relevanssi_related_no_append":"","_relevanssi_related_not_related":"","_relevanssi_related_posts":"","_relevanssi_noindex_reason":"","footnotes":""},"class_list":["post-1779","page","type-page","status-publish","hentry"],"acf":{"layout":"default","header-group":{"header-description":"","show-subnav":false,"hide-from-subnav":false},"components":[{"acf_fc_layout":"text","text":{"text":""}},{"acf_fc_layout":"text","text":{"text":"La ACLU de Indiana puede ayudarle si cree que sus derechos han sido violados por una agencia o organizaci\u00f3n gubernamental, incluido el gobierno municipal, las escuelas, los agentes de polic\u00eda o el estado de Indiana. Los temas que podemos abordar:\n\n<ul><li>Libertad de expresi\u00f3n<\/li><li>Libertad de religi\u00f3n<\/li><li>Conducta indebida de la polic\u00eda<\/li><li>Censura en escuelas p\u00fablicas o bibliotecas<\/li><li>Justicia en la escuela o disciplina en la prisi\u00f3n<\/li><li>Privacidad y otras protecciones contra la intrusi\u00f3n del gobierno<\/li><li>Condiciones inhumanas de c\u00e1rcel o prisi\u00f3n<\/li><li>Tratamiento injusto por parte del gobierno<\/li><\/ul>\n\nHay algunos casos en los cuales no nos involucramos. Esos son desalojos, disputas entre propietarios e inquilinos, enjuiciamientos penales, divorcios y abuso personal, custodia de menores o testamentos.\n\n<b>Si cree que le han violado sus derechos constitucionales<\/b>, puede\n\n<ul><li><a href=\"http:\/\/www.formstack.com\/forms\/?1157118-hfibE7kI4V\">Presentar una queja en l\u00ednea con la ACLU,<\/a><\/li><li>env\u00edenos un correo electr\u00f3nico a la direcci\u00f3n intake@aclu-in.org o<\/li><li>env\u00ede la solicitudes de admisi\u00f3n por correo a:<br>ACLU of Indiana<br>1031 East Washington Street<br>Indianapolis, IN 46202<\/li><\/ul>\n\n<b>Pero primero, aseg\u00farese de que su caso cumpla con lo siguiente:<\/b>\n\n<ol><li>Sus libertades civiles han sido violadas por una entidad gubernamental<\/li><li>Su problema se refiere a un derecho o libertad protegido por las Constituciones de los EE. UU. o Indiana<\/li><li>Usted es la persona o parte cuyos derechos constitucionales han sido violados<\/li><\/ol>\n\nNo aceptamos quejas de terceros, o quejas hechas en nombre de otra persona. <b><i>Tenga en cuenta que a medida que nuestra oficina toma precauciones adicionales debido a COVID-19, tenemos recursos limitados y no podemos llevar a cabo todos los casos que nos llamen la atenci\u00f3n. Haremos todo lo posible para responder a su queja dentro de 8 a 12 semanas. <\/i><\/b>Si tomamos su caso y lo representamos, nuestros servicios son gratuitos."}},{"acf_fc_layout":"text","text":{"text":""}}],"section":null,"issues":"","related_content":"","documents":null},"yoast_head":"<!-- This site is optimized with the Yoast SEO plugin v24.9 - https:\/\/yoast.com\/wordpress\/plugins\/seo\/ -->\n<title>Get Legal Help - ACLU of Indiana<\/title>\n<meta name=\"robots\" content=\"index, follow, max-snippet:-1, max-image-preview:large, max-video-preview:-1\" \/>\n<link rel=\"canonical\" href=\"https:\/\/www.aclu-in.org\/es\/get-legal-help\/\" \/>\n<meta property=\"og:locale\" content=\"es_ES\" \/>\n<meta property=\"og:type\" content=\"article\" \/>\n<meta property=\"og:title\" content=\"Get Legal Help - ACLU of Indiana\" \/>\n<meta property=\"og:description\" content=\"ACTUALIZACI\u00d3N DE COVID-19: Una FAQ sobre la petici\u00f3n de ACLU para la liberaci\u00f3n de personas encarceladas en riesgo de COVID-19 est\u00e1 disponible aqu\u00ed. L\u00e9anla para determinar si la ACLU de Indiana podr\u00e1 ayudarlo con su solicitud. La ACLU de Indiana puede ayudarle si cree que sus derechos han sido violados por una agencia o organizaci\u00f3n [&hellip;]\" \/>\n<meta property=\"og:url\" content=\"https:\/\/www.aclu-in.org\/es\/get-legal-help\/\" \/>\n<meta property=\"og:site_name\" content=\"ACLU of Indiana\" \/>\n<meta property=\"og:image\" content=\"https:\/\/www.aclu-in.org\/app\/themes\/aclu-parent\/img\/default_fb_share.jpg\" \/>\n<meta name=\"twitter:card\" content=\"summary_large_image\" \/>\n<script type=\"application\/ld+json\" class=\"yoast-schema-graph\">{\"@context\":\"https:\/\/schema.org\",\"@graph\":[{\"@type\":\"WebPage\",\"@id\":\"https:\/\/www.aclu-in.org\/es\/get-legal-help\/\",\"url\":\"https:\/\/www.aclu-in.org\/es\/get-legal-help\/\",\"name\":\"Get Legal Help - ACLU of Indiana\",\"isPartOf\":{\"@id\":\"https:\/\/www.aclu-in.org\/#website\"},\"datePublished\":\"2017-08-23T21:30:00+00:00\",\"inLanguage\":\"es-ES\",\"potentialAction\":[{\"@type\":\"ReadAction\",\"target\":[\"https:\/\/www.aclu-in.org\/es\/get-legal-help\/\"]}]},{\"@type\":\"WebSite\",\"@id\":\"https:\/\/www.aclu-in.org\/#website\",\"url\":\"https:\/\/www.aclu-in.org\/\",\"name\":\"ACLU of Indiana\",\"description\":\"\",\"publisher\":{\"@id\":\"https:\/\/www.aclu-in.org\/#organization\"},\"potentialAction\":[{\"@type\":\"SearchAction\",\"target\":{\"@type\":\"EntryPoint\",\"urlTemplate\":\"https:\/\/www.aclu-in.org\/?s={search_term_string}\"},\"query-input\":{\"@type\":\"PropertyValueSpecification\",\"valueRequired\":true,\"valueName\":\"search_term_string\"}}],\"inLanguage\":\"es-ES\"},{\"@type\":\"Organization\",\"@id\":\"https:\/\/www.aclu-in.org\/#organization\",\"name\":\"ACLU of Indiana\",\"url\":\"https:\/\/www.aclu-in.org\/\",\"logo\":{\"@type\":\"ImageObject\",\"inLanguage\":\"es-ES\",\"@id\":\"https:\/\/www.aclu-in.org\/#\/schema\/logo\/image\/\",\"url\":\"https:\/\/www.aclu-in.org\/app\/uploads\/2025\/11\/ACLU_Indiana_Moblie-Web_Color_RGB.png\",\"contentUrl\":\"https:\/\/www.aclu-in.org\/app\/uploads\/2025\/11\/ACLU_Indiana_Moblie-Web_Color_RGB.png\",\"width\":2084,\"height\":2084,\"caption\":\"ACLU of Indiana\"},\"image\":{\"@id\":\"https:\/\/www.aclu-in.org\/#\/schema\/logo\/image\/\"}}]}<\/script>\n<!-- \/ Yoast SEO plugin. -->","yoast_head_json":{"title":"Get Legal Help - ACLU of Indiana","robots":{"index":"index","follow":"follow","max-snippet":"max-snippet:-1","max-image-preview":"max-image-preview:large","max-video-preview":"max-video-preview:-1"},"canonical":"https:\/\/www.aclu-in.org\/es\/get-legal-help\/","og_locale":"es_ES","og_type":"article","og_title":"Get Legal Help - ACLU of Indiana","og_description":"ACTUALIZACI\u00d3N DE COVID-19: Una FAQ sobre la petici\u00f3n de ACLU para la liberaci\u00f3n de personas encarceladas en riesgo de COVID-19 est\u00e1 disponible aqu\u00ed. L\u00e9anla para determinar si la ACLU de Indiana podr\u00e1 ayudarlo con su solicitud. La ACLU de Indiana puede ayudarle si cree que sus derechos han sido violados por una agencia o organizaci\u00f3n [&hellip;]","og_url":"https:\/\/www.aclu-in.org\/es\/get-legal-help\/","og_site_name":"ACLU of Indiana","og_image":[{"url":"https:\/\/www.aclu-in.org\/app\/themes\/aclu-parent\/img\/default_fb_share.jpg","type":"","width":"","height":""}],"twitter_card":"summary_large_image","schema":{"@context":"https:\/\/schema.org","@graph":[{"@type":"WebPage","@id":"https:\/\/www.aclu-in.org\/es\/get-legal-help\/","url":"https:\/\/www.aclu-in.org\/es\/get-legal-help\/","name":"Get Legal Help - ACLU of Indiana","isPartOf":{"@id":"https:\/\/www.aclu-in.org\/#website"},"datePublished":"2017-08-23T21:30:00+00:00","inLanguage":"es-ES","potentialAction":[{"@type":"ReadAction","target":["https:\/\/www.aclu-in.org\/es\/get-legal-help\/"]}]},{"@type":"WebSite","@id":"https:\/\/www.aclu-in.org\/#website","url":"https:\/\/www.aclu-in.org\/","name":"ACLU of Indiana","description":"","publisher":{"@id":"https:\/\/www.aclu-in.org\/#organization"},"potentialAction":[{"@type":"SearchAction","target":{"@type":"EntryPoint","urlTemplate":"https:\/\/www.aclu-in.org\/?s={search_term_string}"},"query-input":{"@type":"PropertyValueSpecification","valueRequired":true,"valueName":"search_term_string"}}],"inLanguage":"es-ES"},{"@type":"Organization","@id":"https:\/\/www.aclu-in.org\/#organization","name":"ACLU of Indiana","url":"https:\/\/www.aclu-in.org\/","logo":{"@type":"ImageObject","inLanguage":"es-ES","@id":"https:\/\/www.aclu-in.org\/#\/schema\/logo\/image\/","url":"https:\/\/www.aclu-in.org\/app\/uploads\/2025\/11\/ACLU_Indiana_Moblie-Web_Color_RGB.png","contentUrl":"https:\/\/www.aclu-in.org\/app\/uploads\/2025\/11\/ACLU_Indiana_Moblie-Web_Color_RGB.png","width":2084,"height":2084,"caption":"ACLU of Indiana"},"image":{"@id":"https:\/\/www.aclu-in.org\/#\/schema\/logo\/image\/"}}]}},"distributor_meta":false,"distributor_terms":false,"distributor_media":false,"distributor_original_site_name":"ACLU of Indiana","distributor_original_site_url":"https:\/\/www.aclu-in.org\/es\/","push-errors":false,"_links":{"self":[{"href":"https:\/\/www.aclu-in.org\/es\/wp-json\/wp\/v2\/pages\/1779","targetHints":{"allow":["GET"]}}],"collection":[{"href":"https:\/\/www.aclu-in.org\/es\/wp-json\/wp\/v2\/pages"}],"about":[{"href":"https:\/\/www.aclu-in.org\/es\/wp-json\/wp\/v2\/types\/page"}],"replies":[{"embeddable":true,"href":"https:\/\/www.aclu-in.org\/es\/wp-json\/wp\/v2\/comments?post=1779"}],"version-history":[{"count":0,"href":"https:\/\/www.aclu-in.org\/es\/wp-json\/wp\/v2\/pages\/1779\/revisions"}],"wp:attachment":[{"href":"https:\/\/www.aclu-in.org\/es\/wp-json\/wp\/v2\/media?parent=1779"}],"curies":[{"name":"wp","href":"https:\/\/api.w.org\/{rel}","templated":true}]}}